{"id":92,"date":"2022-01-31T15:36:21","date_gmt":"2022-01-31T13:36:21","guid":{"rendered":"https:\/\/kener.fi\/?page_id=92"},"modified":"2022-01-31T15:36:21","modified_gmt":"2022-01-31T13:36:21","slug":"lampokeskusten-huolto-ja-yllapito","status":"publish","type":"page","link":"https:\/\/kener.fi\/?page_id=92","title":{"rendered":"L\u00e4mp\u00f6keskusten huolto ja yll\u00e4pito"},"content":{"rendered":"\n<p>Keuruun Energiatekniikka Oy tarjoaa rakentamilleen l\u00e4mp\u00f6keskuksille huolto- ja yll\u00e4pitopalveluita. Huolloista voidaan tehd\u00e4 ennakoiva huoltosopimus halutulle kunnossapitotasolle, tai huoltoja ja korjauksia voidaan tehd\u00e4 sit\u00e4 mukaan kun tarvetta ilmenee.<\/p>\n\n\n\n<p>Meid\u00e4t saat kiinni ymp\u00e4ri vuorokauden teknisen tuen numerosta, monet akuutit asiat saattavat ratketa puhelimen avulla, tai et\u00e4yhteyden l\u00e4pi ja tarvittessa l\u00e4hdemme paikan p\u00e4\u00e4lle pyh\u00e4n\u00e4kin jottei l\u00e4mm\u00f6ntuotto katkea.<\/p>\n","protected":false},"excerpt":{"rendered":"<p>Keuruun Energiatekniikka Oy tarjoaa rakentamilleen l\u00e4mp\u00f6keskuksille huolto- ja yll\u00e4pitopalveluita. Huolloista voidaan tehd\u00e4 ennakoiva huoltosopimus halutulle kunnossapitotasolle, tai huoltoja ja korjauksia voidaan tehd\u00e4 sit\u00e4 mukaan kun<\/p>\n","protected":false},"author":1,"featured_media":0,"parent":0,"menu_order":0,"comment_status":"closed","ping_status":"closed","template":"","meta":{"footnotes":""},"class_list":["post-92","page","type-page","status-publish","hentry"],"_links":{"self":[{"href":"https:\/\/kener.fi\/index.php?rest_route=\/wp\/v2\/pages\/92","targetHints":{"allow":["GET"]}}],"collection":[{"href":"https:\/\/kener.fi\/index.php?rest_route=\/wp\/v2\/pages"}],"about":[{"href":"https:\/\/kener.fi\/index.php?rest_route=\/wp\/v2\/types\/page"}],"author":[{"embeddable":true,"href":"https:\/\/kener.fi\/index.php?rest_route=\/wp\/v2\/users\/1"}],"replies":[{"embeddable":true,"href":"https:\/\/kener.fi\/index.php?rest_route=%2Fwp%2Fv2%2Fcomments&post=92"}],"version-history":[{"count":1,"href":"https:\/\/kener.fi\/index.php?rest_route=\/wp\/v2\/pages\/92\/revisions"}],"predecessor-version":[{"id":93,"href":"https:\/\/kener.fi\/index.php?rest_route=\/wp\/v2\/pages\/92\/revisions\/93"}],"wp:attachment":[{"href":"https:\/\/kener.fi\/index.php?rest_route=%2Fwp%2Fv2%2Fmedia&parent=92"}],"curies":[{"name":"wp","href":"https:\/\/api.w.org\/{rel}","templated":true}]}}