{"id":75,"date":"2022-01-31T14:53:40","date_gmt":"2022-01-31T12:53:40","guid":{"rendered":"https:\/\/kener.fi\/?page_id=75"},"modified":"2022-01-31T14:53:41","modified_gmt":"2022-01-31T12:53:41","slug":"varaosien-valmistus-ja-myynti","status":"publish","type":"page","link":"https:\/\/kener.fi\/?page_id=75","title":{"rendered":"Varaosien valmistus ja myynti"},"content":{"rendered":"\n<p>Valmistamme ja myymme varaosia kaikkiin valmistamiimme l\u00e4mp\u00f6keskuksiin.<\/p>\n\n\n\n<p>Valmistamme ja myymme my\u00f6s tarvittaessa tilauksesta varaosia muidenkin valmistajien hakel\u00e4mp\u00f6keskuksiin. Emme erikseen pyri muiden valmistajien asiakkaita haalimaan itsellemme &#8211; yleens\u00e4 paras ja edullisin varaosa l\u00f6ytyy valmistajalta itselt\u00e4\u00e4n, mutta tilanteissa joissa laitteiden valmistaja on esimerkiksi kadonnut markkinoilta, tai laitos ei toimi toivotulla tavalla voi meilt\u00e4 saada apua.<\/p>\n","protected":false},"excerpt":{"rendered":"<p>Valmistamme ja myymme varaosia kaikkiin valmistamiimme l\u00e4mp\u00f6keskuksiin. Valmistamme ja myymme my\u00f6s tarvittaessa tilauksesta varaosia muidenkin valmistajien hakel\u00e4mp\u00f6keskuksiin. Emme erikseen pyri muiden valmistajien asiakkaita haalimaan itsellemme<\/p>\n","protected":false},"author":1,"featured_media":0,"parent":0,"menu_order":0,"comment_status":"closed","ping_status":"closed","template":"","meta":{"footnotes":""},"class_list":["post-75","page","type-page","status-publish","hentry"],"_links":{"self":[{"href":"https:\/\/kener.fi\/index.php?rest_route=\/wp\/v2\/pages\/75","targetHints":{"allow":["GET"]}}],"collection":[{"href":"https:\/\/kener.fi\/index.php?rest_route=\/wp\/v2\/pages"}],"about":[{"href":"https:\/\/kener.fi\/index.php?rest_route=\/wp\/v2\/types\/page"}],"author":[{"embeddable":true,"href":"https:\/\/kener.fi\/index.php?rest_route=\/wp\/v2\/users\/1"}],"replies":[{"embeddable":true,"href":"https:\/\/kener.fi\/index.php?rest_route=%2Fwp%2Fv2%2Fcomments&post=75"}],"version-history":[{"count":1,"href":"https:\/\/kener.fi\/index.php?rest_route=\/wp\/v2\/pages\/75\/revisions"}],"predecessor-version":[{"id":76,"href":"https:\/\/kener.fi\/index.php?rest_route=\/wp\/v2\/pages\/75\/revisions\/76"}],"wp:attachment":[{"href":"https:\/\/kener.fi\/index.php?rest_route=%2Fwp%2Fv2%2Fmedia&parent=75"}],"curies":[{"name":"wp","href":"https:\/\/api.w.org\/{rel}","templated":true}]}}