{"id":72,"date":"2022-01-31T14:47:02","date_gmt":"2022-01-31T12:47:02","guid":{"rendered":"https:\/\/kener.fi\/?page_id=72"},"modified":"2022-01-31T14:47:02","modified_gmt":"2022-01-31T12:47:02","slug":"lampokeskuslaitteiden-valmistus-ja-myynti","status":"publish","type":"page","link":"https:\/\/kener.fi\/?page_id=72","title":{"rendered":"L\u00e4mp\u00f6keskuslaitteiden valmistus ja myynti"},"content":{"rendered":"\n<p>Keuruun Energiatekniikka Oy valmistaa ja myy l\u00e4mp\u00f6keskuskomponentteja, kuten tankopurkainmoduleita, erilaisia kuljettimia (ruuvi, matto, ketjukola, puhallus ym.), paisuntaj\u00e4rjestelmi\u00e4, putkistoja, automaatioj\u00e4rjestelmi\u00e4. Kauttamme saat likipit\u00e4en kaikkea, mit\u00e4 l\u00e4mp\u00f6keskuksessa tarvitaan.<\/p>\n","protected":false},"excerpt":{"rendered":"<p>Keuruun Energiatekniikka Oy valmistaa ja myy l\u00e4mp\u00f6keskuskomponentteja, kuten tankopurkainmoduleita, erilaisia kuljettimia (ruuvi, matto, ketjukola, puhallus ym.), paisuntaj\u00e4rjestelmi\u00e4, putkistoja, automaatioj\u00e4rjestelmi\u00e4. Kauttamme saat likipit\u00e4en kaikkea, mit\u00e4 l\u00e4mp\u00f6keskuksessa<\/p>\n","protected":false},"author":1,"featured_media":0,"parent":0,"menu_order":0,"comment_status":"closed","ping_status":"closed","template":"","meta":{"footnotes":""},"class_list":["post-72","page","type-page","status-publish","hentry"],"_links":{"self":[{"href":"https:\/\/kener.fi\/index.php?rest_route=\/wp\/v2\/pages\/72","targetHints":{"allow":["GET"]}}],"collection":[{"href":"https:\/\/kener.fi\/index.php?rest_route=\/wp\/v2\/pages"}],"about":[{"href":"https:\/\/kener.fi\/index.php?rest_route=\/wp\/v2\/types\/page"}],"author":[{"embeddable":true,"href":"https:\/\/kener.fi\/index.php?rest_route=\/wp\/v2\/users\/1"}],"replies":[{"embeddable":true,"href":"https:\/\/kener.fi\/index.php?rest_route=%2Fwp%2Fv2%2Fcomments&post=72"}],"version-history":[{"count":1,"href":"https:\/\/kener.fi\/index.php?rest_route=\/wp\/v2\/pages\/72\/revisions"}],"predecessor-version":[{"id":73,"href":"https:\/\/kener.fi\/index.php?rest_route=\/wp\/v2\/pages\/72\/revisions\/73"}],"wp:attachment":[{"href":"https:\/\/kener.fi\/index.php?rest_route=%2Fwp%2Fv2%2Fmedia&parent=72"}],"curies":[{"name":"wp","href":"https:\/\/api.w.org\/{rel}","templated":true}]}}