{"id":37,"date":"2022-01-30T09:19:44","date_gmt":"2022-01-30T07:19:44","guid":{"rendered":"https:\/\/kener.fi\/?page_id=37"},"modified":"2024-10-01T08:14:50","modified_gmt":"2024-10-01T06:14:50","slug":"voimassaoleva-hinnastomme","status":"publish","type":"page","link":"https:\/\/kener.fi\/?page_id=37","title":{"rendered":"Voimassaoleva hinnastomme"},"content":{"rendered":"\n<figure class=\"wp-block-table\"><table><tbody><tr><td><\/td><td><strong>Alv. 0%<\/strong><\/td><td><strong>Alv. 25,5%<\/strong><\/td><\/tr><tr><td>Tuntity\u00f6 *<\/td><td>71,71\u20ac\/h<\/td><td>90,00\u20ac\/h<\/td><\/tr><tr><td>Kilometrikorvaus **<\/td><td>0,88\u20ac\/km<\/td><td>1,10\u20ac\/km<\/td><\/tr><tr><td>Viikonloppul\u00e4ht\u00f6lis\u00e4<\/td><td>159,5\u20ac<\/td><td>200\u20ac<\/td><\/tr><tr><td>H\u00e4lytysty\u00f6lis\u00e4 *** (laskutetaan my\u00f6s viikonloppuisin)<\/td><td>159,5\u20ac<\/td><td>200\u20ac<\/td><\/tr><tr><td><\/td><td><\/td><td><\/td><\/tr><\/tbody><\/table><figcaption class=\"wp-element-caption\">Voimassa 1.9.2024 alkaen<\/figcaption><\/figure>\n\n\n\n<p>* Minimiveloitus 1h.<\/p>\n\n\n\n<p>** Yli 35km ajomatkoille<\/p>\n\n\n\n<p>*** Ty\u00f6 jonka asiakas tilaa teht\u00e4v\u00e4ksi 5 arkip\u00e4iv\u00e4n kuluessa yhteydenotosta<\/p>\n\n\n\n<h2 class=\"wp-block-heading\">Hake<\/h2>\n\n\n\n<p>Haketta toimitamme nykyisess\u00e4 markkinatilanteessa k\u00e4yt\u00e4nn\u00f6ss\u00e4 vain sopimustoimituksina, jonka hintaan vaikuttaa voimakkaasti k\u00e4ytett\u00e4v\u00e4 polttoaineen laatu, kohteen logistiikkamahdollisuudet, hakesopimuksen kokonaism\u00e4\u00e4r\u00e4 jne., mutta h\u00e4t\u00e4tilanteessa on mahdollista kysy\u00e4 varastotilanteemme sen salliessa my\u00f6s ns. &#8221;p\u00e4iv\u00e4n hinnalla&#8221;-toimitusta. Katso voimassa olevat hinnat <a href=\"https:\/\/kener.fi\/?page_id=190\">t\u00e4st\u00e4.<\/a> Mik\u00e4li taas laatuhakkeen sopimushankinta kiinnostaa, ottakaa rohkeasti yhteytt\u00e4!<\/p>\n","protected":false},"excerpt":{"rendered":"<p>Alv. 0% Alv. 25,5% Tuntity\u00f6 * 71,71\u20ac\/h 90,00\u20ac\/h Kilometrikorvaus ** 0,88\u20ac\/km 1,10\u20ac\/km Viikonloppul\u00e4ht\u00f6lis\u00e4 159,5\u20ac 200\u20ac H\u00e4lytysty\u00f6lis\u00e4 *** (laskutetaan my\u00f6s viikonloppuisin) 159,5\u20ac 200\u20ac Voimassa 1.9.2024 alkaen<\/p>\n","protected":false},"author":1,"featured_media":0,"parent":0,"menu_order":0,"comment_status":"closed","ping_status":"closed","template":"","meta":{"footnotes":""},"class_list":["post-37","page","type-page","status-publish","hentry"],"_links":{"self":[{"href":"https:\/\/kener.fi\/index.php?rest_route=\/wp\/v2\/pages\/37","targetHints":{"allow":["GET"]}}],"collection":[{"href":"https:\/\/kener.fi\/index.php?rest_route=\/wp\/v2\/pages"}],"about":[{"href":"https:\/\/kener.fi\/index.php?rest_route=\/wp\/v2\/types\/page"}],"author":[{"embeddable":true,"href":"https:\/\/kener.fi\/index.php?rest_route=\/wp\/v2\/users\/1"}],"replies":[{"embeddable":true,"href":"https:\/\/kener.fi\/index.php?rest_route=%2Fwp%2Fv2%2Fcomments&post=37"}],"version-history":[{"count":20,"href":"https:\/\/kener.fi\/index.php?rest_route=\/wp\/v2\/pages\/37\/revisions"}],"predecessor-version":[{"id":201,"href":"https:\/\/kener.fi\/index.php?rest_route=\/wp\/v2\/pages\/37\/revisions\/201"}],"wp:attachment":[{"href":"https:\/\/kener.fi\/index.php?rest_route=%2Fwp%2Fv2%2Fmedia&parent=37"}],"curies":[{"name":"wp","href":"https:\/\/api.w.org\/{rel}","templated":true}]}}