{"id":34,"date":"2022-01-30T06:25:38","date_gmt":"2022-01-30T06:25:38","guid":{"rendered":"https:\/\/kener.fi\/?page_id=34"},"modified":"2022-12-19T14:05:53","modified_gmt":"2022-12-19T12:05:53","slug":"yhteystietomme","status":"publish","type":"page","link":"https:\/\/kener.fi\/?page_id=34","title":{"rendered":"Yhteystietomme (p\u00e4ivitetty 1.12.2022)"},"content":{"rendered":"\n<h2 class=\"has-text-color wp-block-heading\" id=\"puhelinnumerot\" style=\"color:#002f6c\">Puhelinnumerot:<\/h2>\n\n\n\n<p>Vaihde\/myynti: 010 5176850<\/p>\n\n\n\n<p>Tekninen tuki\/huollot: 010 5176851<\/p>\n\n\n\n<h2 class=\"has-text-color wp-block-heading\" id=\"posti-kayntiosoite\" style=\"color:#002f6c\">Posti\/k\u00e4yntiosoite:<\/h2>\n\n\n\n<p>Keuruun Energiatekniikka Oy<\/p>\n\n\n\n<p>M\u00e4nnik\u00f6ntie 100<\/p>\n\n\n\n<p>42560 POHJOISJ\u00c4RVI<\/p>\n\n\n\n<iframe src=\"https:\/\/www.google.com\/maps\/embed?pb=!1m18!1m12!1m3!1d930.2666249736353!2d24.857417040658365!3d62.204297313451036!2m3!1f0!2f0!3f0!3m2!1i1024!2i768!4f13.1!3m3!1m2!1s0x46858c79f9f94901%3A0xc5e728d34544aa4f!2sKeuruun%20Energiatekniikka%20avoin%20yhti%C3%B6!5e0!3m2!1sfi!2sfi!4v1643554673586!5m2!1sfi!2sfi\" width=\"600\" height=\"450\" style=\"border:0;\" allowfullscreen=\"\" loading=\"lazy\"><\/iframe>\n\n\n\n<h2 class=\"has-text-color wp-block-heading\" id=\"sahkoposti\" style=\"color:#002f6c\">S\u00e4hk\u00f6posti:<\/h2>\n\n\n\n<p>info@kener.fi<\/p>\n\n\n\n<h2 class=\"has-text-color wp-block-heading\" id=\"laskutus\" style=\"color:#002f6c\">Laskutus:<\/h2>\n\n\n\n<p>Ensisijaisesti suosimme s\u00e4hk\u00f6ist\u00e4 laskutusta:<\/p>\n\n\n\n<p>Osoite: 003703466607<\/p>\n\n\n\n<p>Operaattori: Maventa<\/p>\n\n\n\n<p>Operaattoritunnus: 003721291126<\/p>\n\n\n\n<p><\/p>\n\n\n\n<p>Toissijaisesti pyyd\u00e4mme laskut s\u00e4hk\u00f6postilla:<\/p>\n\n\n\n<p>laskut@kener.fi<\/p>\n","protected":false},"excerpt":{"rendered":"<p>Puhelinnumerot: Vaihde\/myynti: 010 5176850 Tekninen tuki\/huollot: 010 5176851 Posti\/k\u00e4yntiosoite: Keuruun Energiatekniikka Oy M\u00e4nnik\u00f6ntie 100 42560 POHJOISJ\u00c4RVI S\u00e4hk\u00f6posti: info@kener.fi Laskutus: Ensisijaisesti suosimme s\u00e4hk\u00f6ist\u00e4 laskutusta: Osoite: 003703466607<\/p>\n","protected":false},"author":1,"featured_media":0,"parent":0,"menu_order":0,"comment_status":"closed","ping_status":"closed","template":"","meta":{"footnotes":""},"class_list":["post-34","page","type-page","status-publish","hentry"],"_links":{"self":[{"href":"https:\/\/kener.fi\/index.php?rest_route=\/wp\/v2\/pages\/34","targetHints":{"allow":["GET"]}}],"collection":[{"href":"https:\/\/kener.fi\/index.php?rest_route=\/wp\/v2\/pages"}],"about":[{"href":"https:\/\/kener.fi\/index.php?rest_route=\/wp\/v2\/types\/page"}],"author":[{"embeddable":true,"href":"https:\/\/kener.fi\/index.php?rest_route=\/wp\/v2\/users\/1"}],"replies":[{"embeddable":true,"href":"https:\/\/kener.fi\/index.php?rest_route=%2Fwp%2Fv2%2Fcomments&post=34"}],"version-history":[{"count":9,"href":"https:\/\/kener.fi\/index.php?rest_route=\/wp\/v2\/pages\/34\/revisions"}],"predecessor-version":[{"id":184,"href":"https:\/\/kener.fi\/index.php?rest_route=\/wp\/v2\/pages\/34\/revisions\/184"}],"wp:attachment":[{"href":"https:\/\/kener.fi\/index.php?rest_route=%2Fwp%2Fv2%2Fmedia&parent=34"}],"curies":[{"name":"wp","href":"https:\/\/api.w.org\/{rel}","templated":true}]}}