{"id":2,"date":"2022-01-30T06:03:31","date_gmt":"2022-01-30T06:03:31","guid":{"rendered":"https:\/\/kener.fi\/?page_id=2"},"modified":"2022-01-31T13:01:45","modified_gmt":"2022-01-31T11:01:45","slug":"sample-page","status":"publish","type":"page","link":"https:\/\/kener.fi\/?page_id=2","title":{"rendered":"Yrityksemme arvot"},"content":{"rendered":"\n<h2 class=\"has-text-color wp-block-heading\" id=\"asiakaslahtoisyys\" style=\"color:#002f6c\">Asiakasl\u00e4ht\u00f6isyys<\/h2>\n\n\n\n<p>Asiakkaallamme on jokin tarve, ongelma tai puute ratkaistavaksi. Tarkoituksemme on kohdata asiakas yksil\u00f6llisesti, auttaa tarvittaessa my\u00f6s m\u00e4\u00e4rittelem\u00e4\u00e4n se tarve tai ongelma, ja tarjota siihen tarkoituksenmukainen ratkaisu.<\/p>\n\n\n\n<p>Haluamme my\u00f6s aina rakentaa pitk\u00e4n ja kest\u00e4v\u00e4n asiakassuhteen, joka voi ulottua my\u00f6s v\u00e4h\u00e4n syvemm\u00e4lle kuin pelkk\u00e4\u00e4n kaupank\u00e4yntiin. Monet kehitysideat ovat tulleet asiakkailtamme, ja nousseet heid\u00e4n ideoistaan ja haasteistaan. N\u00e4iss\u00e4 haasteissa pyrimme k\u00e4ym\u00e4\u00e4n kappaleen matkaa mukana, ja kevent\u00e4m\u00e4\u00e4n taakkoja.<\/p>\n\n\n\n<h2 class=\"has-text-color wp-block-heading\" id=\"vastuullisuus\" style=\"color:#002f6c\">Vastuullisuus<\/h2>\n\n\n\n<p>Vastuullisuus tarkoittaa meille kokonaisvaltaista tapaa toimia. Se tarkoittaa sit\u00e4, ett\u00e4 asiakkaamme saavat avun kun h\u00e4t\u00e4 on k\u00e4sill\u00e4.<\/p>\n\n\n\n<p>Vastuullisuus tarkoittaa my\u00f6s tervett\u00e4 tapaa toimia siten, ett\u00e4 olemme yrityksen\u00e4 olemassa huomennakin. Pid\u00e4mme huolta my\u00f6s siit\u00e4, ett\u00e4 tekij\u00e4mme eiv\u00e4t ole kertak\u00e4ytt\u00f6hy\u00f6dykkeit\u00e4, vaan ty\u00f6ss\u00e4 voidaan hyvin ja jaksetaan.<\/p>\n\n\n\n<p>Toiminnallamme haluamme j\u00e4tt\u00e4\u00e4 my\u00f6s j\u00e4lkipolville j\u00e4lke\u00e4 jota emme h\u00e4pe\u00e4. Koko toimialamme, valmistamamme tuotteet ja tapamme toimia pohjaa siihen, ett\u00e4 haluamme tuottaa asioita kest\u00e4v\u00e4sti, niin ihmisten kuin ymp\u00e4rist\u00f6nkin kannalta, ilman viher- tai moraaliposeerausta.<\/p>\n\n\n\n<h2 class=\"has-text-color wp-block-heading\" id=\"tinkimattomyys\" style=\"color:#002f6c\">Tinkim\u00e4tt\u00f6myys<\/h2>\n\n\n\n<p>Tinkim\u00e4tt\u00f6myys tarkoittaa meille sit\u00e4, ett\u00e4 voimme ylpein\u00e4 seist\u00e4 niiden tuotteiden ja palveluiden takana, jotka meilt\u00e4 l\u00e4htev\u00e4t asiakkaalle. Pyrimme siihen, ett\u00e4 tuotteemme soveltuvat k\u00e4ytt\u00f6\u00f6ns\u00e4, eik\u00e4 niiss\u00e4 ole s\u00e4\u00e4stetty v\u00e4\u00e4riss\u00e4 kohdissa. Emme pyri halvimpaan hankintahintaan, vaan kokonaisedulliseen ja huolettomaan elinkaareen.<\/p>\n\n\n\n<h2 class=\"has-text-color wp-block-heading\" id=\"kasvu\" style=\"color:#002f6c\">Kasvu<\/h2>\n\n\n\n<p>Haluamme kasvaa ja kehitty\u00e4 \u2013 niin yrityksen\u00e4 \u2013 kuin ihmisin\u00e4kin (muutenkin kuin kiloina). T\u00e4ht\u00e4\u00e4mme yrityksen\u00e4 kest\u00e4v\u00e4\u00e4n ja tasaiseen kasvuun ilman kasinotaloutta.<\/p>\n\n\n\n<p>Ihmisin\u00e4 haluamme kasvaa ammattitaidossa ja osaamisessa, niin ett\u00e4 asiakkaamme hy\u00f6tyv\u00e4t yhdess\u00e4 kanssamme paremmasta osaamisesta, palvelusta ja oivalluksista.<\/p>\n","protected":false},"excerpt":{"rendered":"<p>Asiakasl\u00e4ht\u00f6isyys Asiakkaallamme on jokin tarve, ongelma tai puute ratkaistavaksi. Tarkoituksemme on kohdata asiakas yksil\u00f6llisesti, auttaa tarvittaessa my\u00f6s m\u00e4\u00e4rittelem\u00e4\u00e4n se tarve tai ongelma, ja tarjota siihen<\/p>\n","protected":false},"author":1,"featured_media":0,"parent":0,"menu_order":0,"comment_status":"closed","ping_status":"open","template":"","meta":{"footnotes":""},"class_list":["post-2","page","type-page","status-publish","hentry"],"_links":{"self":[{"href":"https:\/\/kener.fi\/index.php?rest_route=\/wp\/v2\/pages\/2","targetHints":{"allow":["GET"]}}],"collection":[{"href":"https:\/\/kener.fi\/index.php?rest_route=\/wp\/v2\/pages"}],"about":[{"href":"https:\/\/kener.fi\/index.php?rest_route=\/wp\/v2\/types\/page"}],"author":[{"embeddable":true,"href":"https:\/\/kener.fi\/index.php?rest_route=\/wp\/v2\/users\/1"}],"replies":[{"embeddable":true,"href":"https:\/\/kener.fi\/index.php?rest_route=%2Fwp%2Fv2%2Fcomments&post=2"}],"version-history":[{"count":3,"href":"https:\/\/kener.fi\/index.php?rest_route=\/wp\/v2\/pages\/2\/revisions"}],"predecessor-version":[{"id":58,"href":"https:\/\/kener.fi\/index.php?rest_route=\/wp\/v2\/pages\/2\/revisions\/58"}],"wp:attachment":[{"href":"https:\/\/kener.fi\/index.php?rest_route=%2Fwp%2Fv2%2Fmedia&parent=2"}],"curies":[{"name":"wp","href":"https:\/\/api.w.org\/{rel}","templated":true}]}}