{"id":190,"date":"2023-10-23T12:30:39","date_gmt":"2023-10-23T10:30:39","guid":{"rendered":"https:\/\/kener.fi\/?page_id=190"},"modified":"2023-10-23T12:30:39","modified_gmt":"2023-10-23T10:30:39","slug":"haketoimitukset","status":"publish","type":"page","link":"https:\/\/kener.fi\/?page_id=190","title":{"rendered":"Haketoimitukset"},"content":{"rendered":"\n<p>Emme toimita haketta sopimustuotannon ulkopuolella kuin poikkeustapauksissa. Sopimustuotanto on hakkeen kanssa toimiessa se tapa, jolla uskomme p\u00e4\u00e4st\u00e4v\u00e4n hyv\u00e4\u00e4n lopputulokseen kaikkien kannalta. Mik\u00e4li olet kiinnostunut sopimushinnoittelustamme, pyyd\u00e4mme ottamaan yhteytt\u00e4, jotta voimme yhdess\u00e4 selvitt\u00e4\u00e4 millaiseen hintaan pystyisimme teit\u00e4 palvelemaan.<\/p>\n\n\n\n<p>Sopimusten ulkopuolella voimme varastotilanteemme salliessa toimittaa haketta my\u00f6s oheisen hinnaston mukaisesti. N\u00e4iss\u00e4 erityistilanteissa toimittamamme hake on mets\u00e4haketta ja SFS-EN ISO 17827 menetelm\u00e4n mukaisesti palakooltaan P45.<\/p>\n\n\n\n<figure class=\"wp-block-table\"><table><tbody><tr><td><\/td><td><strong>Alv. 0%<\/strong><\/td><td><strong>Alv. 24%<\/strong><\/td><\/tr><tr><td>Polttohake toimitettuna (50km s\u00e4teell\u00e4)<\/td><td><\/td><td><\/td><\/tr><tr><td>Karsittu ranka, kosteus alle 35%<\/td><td>55\u20ac\/i-m3<\/td><td>68,2\u20ac\/i-m3<\/td><\/tr><tr><td>Karsittu ranka, kosteus 35-45%<\/td><td>53\u20ac\/i-m3<\/td><td>65,72\u20ac\/i-m3<\/td><\/tr><tr><td>Karsimaton ranka, kosteus alle 35%<\/td><td>52\u20ac\/i-m3<\/td><td>64,48\u20ac\/i-m3<\/td><\/tr><tr><td>Karsimaton ranka, kosteus 35-45%<\/td><td>51\u20ac\/i-m3<\/td><td>63,24\u20ac\/i-m3<\/td><\/tr><tr><td><\/td><td><\/td><td><\/td><\/tr><tr><td>Hakkeen pikatoimituslis\u00e4 *<\/td><td>300\u20ac<\/td><td>372\u20ac<\/td><\/tr><\/tbody><\/table><figcaption class=\"wp-element-caption\">Voimassa 23.10.2023 alkaen<\/figcaption><\/figure>\n\n\n\n<p>* Alle 2 viikon toimitusaika tilauksesta<\/p>\n","protected":false},"excerpt":{"rendered":"<p>Emme toimita haketta sopimustuotannon ulkopuolella kuin poikkeustapauksissa. Sopimustuotanto on hakkeen kanssa toimiessa se tapa, jolla uskomme p\u00e4\u00e4st\u00e4v\u00e4n hyv\u00e4\u00e4n lopputulokseen kaikkien kannalta. Mik\u00e4li olet kiinnostunut sopimushinnoittelustamme,<\/p>\n","protected":false},"author":1,"featured_media":0,"parent":0,"menu_order":0,"comment_status":"closed","ping_status":"closed","template":"","meta":{"footnotes":""},"class_list":["post-190","page","type-page","status-publish","hentry"],"_links":{"self":[{"href":"https:\/\/kener.fi\/index.php?rest_route=\/wp\/v2\/pages\/190","targetHints":{"allow":["GET"]}}],"collection":[{"href":"https:\/\/kener.fi\/index.php?rest_route=\/wp\/v2\/pages"}],"about":[{"href":"https:\/\/kener.fi\/index.php?rest_route=\/wp\/v2\/types\/page"}],"author":[{"embeddable":true,"href":"https:\/\/kener.fi\/index.php?rest_route=\/wp\/v2\/users\/1"}],"replies":[{"embeddable":true,"href":"https:\/\/kener.fi\/index.php?rest_route=%2Fwp%2Fv2%2Fcomments&post=190"}],"version-history":[{"count":2,"href":"https:\/\/kener.fi\/index.php?rest_route=\/wp\/v2\/pages\/190\/revisions"}],"predecessor-version":[{"id":192,"href":"https:\/\/kener.fi\/index.php?rest_route=\/wp\/v2\/pages\/190\/revisions\/192"}],"wp:attachment":[{"href":"https:\/\/kener.fi\/index.php?rest_route=%2Fwp%2Fv2%2Fmedia&parent=190"}],"curies":[{"name":"wp","href":"https:\/\/api.w.org\/{rel}","templated":true}]}}